{"id":5757,"date":"2025-11-25T09:59:42","date_gmt":"2025-11-25T14:59:42","guid":{"rendered":"https:\/\/testdigital.vehiculosantioquia.com.co\/portalweb\/?page_id=5757"},"modified":"2026-01-09T16:02:10","modified_gmt":"2026-01-09T21:02:10","slug":"calendario-de-pago","status":"publish","type":"page","link":"https:\/\/vehiculosantioquia.com.co\/portalweb\/calendario-de-pago\/","title":{"rendered":"Calendario de pago"},"content":{"rendered":"<section class=\"wpb-content-wrapper\"><p>[vc_row canvas=\u00bb%5B%7B%22element%22%3A%22image%22%2C%22shape%22%3A%22shape-1%22%2C%22image_effect%22%3A%22style-1%22%2C%22smoothness%22%3A%2230%22%7D%5D\u00bb bg_type=\u00bbimage\u00bb parallax_style=\u00bbvcpb-default\u00bb bg_image_new=\u00bbid^5820|url^https:\/\/testdigital.vehiculosantioquia.com.co\/portalweb\/wp-content\/uploads\/2025\/11\/banner_calendario_de_pago.png|caption^null|alt^null|title^banner_calendario_de_pago|description^null\u00bb bg_override=\u00bbfull\u00bb css=\u00bb.vc_custom_1764082564016{padding-top: 90px !important;padding-bottom: 90px !important;}\u00bb][vc_column css=\u00bb.vc_custom_1765891716156{padding-right: 5% !important;padding-left: 5% !important;}\u00bb][vc_custom_heading text=\u00bbCalendario de pago\u00bb font_container=\u00bbtag:h2|font_size:44px|text_align:left|color:%230b5640|line_height:48px\u00bb use_theme_fonts=\u00bbyes\u00bb el_id=\u00bbtitle\u00bb][\/vc_column][\/vc_row][vc_row][vc_column][vc_empty_space height=\u00bb72px\u00bb][\/vc_column][\/vc_row][vc_row][vc_column offset=\u00bbvc_hidden-sm vc_hidden-xs\u00bb][vc_custom_heading text=\u00bbPaga tu impuesto vehicular a tiempo para evitar sanciones e intereses\u00bb font_container=\u00bbtag:h1|text_align:center\u00bb use_theme_fonts=\u00bbyes\u00bb][\/vc_column][\/vc_row][vc_row][vc_column][vc_empty_space height=\u00bb44px\u00bb][\/vc_column][\/vc_row][vc_row gap=\u00bb1&#8243; content_placement=\u00bbmiddle\u00bb canvas=\u00bb%5B%7B%22element%22%3A%22image%22%2C%22shape%22%3A%22shape-1%22%2C%22image_effect%22%3A%22style-1%22%2C%22smoothness%22%3A%2230%22%7D%5D\u00bb css=\u00bb.vc_custom_1765891726041{padding-right: 5% !important;padding-left: 5% !important;}\u00bb][vc_column width=\u00bb1\/2&#8243; css=\u00bb.vc_custom_1765489893875{margin-right: 0px !important;padding-left: 40px !important;}\u00bb]<div class=\"deeper-fancy-image reveal  lr \"   data-inviewport=\"yes\">\r\n\t\t\t\t\t\t\t<figure style=\"border-radius:10px;overflow:hidden;\"><img decoding=\"async\" alt=\"image\" src=\"https:\/\/vehiculosantioquia.com.co\/portalweb\/wp-content\/uploads\/2026\/01\/pago_con_descuento.png\" \/> <\/figure>\r\n\t\t\t\t\t\t<\/div>[\/vc_column][vc_column width=\u00bb1\/2&#8243; css=\u00bb.vc_custom_1765491919831{margin-left: 0px !important;border-radius: 1px !important;}\u00bb][vc_custom_heading text=\u00bbPago con descuento\u00bb use_theme_fonts=\u00bbyes\u00bb][vc_column_text css=\u00bb.vc_custom_1767992421336{padding-right: 24px !important;padding-bottom: 24px !important;}\u00bb]<\/p>\n<p style=\"font-size: 18px; line-height: 26px;\">El cronograma para la declaraci\u00f3n y pago del ISVA vigencia 2026 fue establecido y aprobado por la Asamblea Departamental en uso de sus facultades constitucionales por medio de la Ordenanza N\u00b0 58 de 2025. En el Departamento de Antioquia se decreta que <strong>a partir del 01 de Enero y hasta el 30 de Abril del 2026, usted podr\u00e1 beneficiarse de un descuento del 10% sobre el pago del Impuesto vehicular para la vigencia fiscal 2026.<\/strong><\/p>\n<p>[\/vc_column_text][vc_column_text css=\u00bb.vc_custom_1765491648553{margin-left: 0px !important;padding-right: 24px !important;padding-bottom: 24px !important;}\u00bb]Si usted es propietario de un veh\u00edculo 100% el\u00e9ctrico, tendr\u00e1 derecho a un descuento del 20% durante el mismo periodo, en caso de que sea propietario de un veh\u00edculo hibrido tendr\u00e1 derecho a un descuento del 15% durante el mismo periodo.[\/vc_column_text][\/vc_column][\/vc_row][vc_row][vc_column][vc_empty_space height=\u00bb54px\u00bb][\/vc_column][\/vc_row][vc_row content_placement=\u00bbmiddle\u00bb canvas=\u00bb%5B%7B%22element%22%3A%22image%22%2C%22shape%22%3A%22shape-1%22%2C%22image_effect%22%3A%22style-1%22%2C%22smoothness%22%3A%2230%22%7D%5D\u00bb css=\u00bb.vc_custom_1765891736014{padding-right: 5% !important;padding-left: 5% !important;}\u00bb][vc_column width=\u00bb1\/2&#8243; css=\u00bb.vc_custom_1767107911688{padding-left: 40px !important;}\u00bb][vc_custom_heading text=\u00bbPago sin descuento\u00bb use_theme_fonts=\u00bbyes\u00bb][vc_column_text css=\u00bb.vc_custom_1767992461303{padding-right: 24px !important;padding-bottom: 24px !important;}\u00bb]<\/p>\n<p style=\"font-size: 18px; line-height: 23px;\">Los contribuyentes que declaren y paguen el Impuesto correspondiente a la vigencia fiscal 2026, entre el<strong> 01 de mayo y el 31 de julio de 2026, <\/strong>incluidas ambas fechas<strong>; no tendr\u00e1n ning\u00fan descuento.<\/strong><\/p>\n<p>[\/vc_column_text][vc_column_text css=\u00bb.vc_custom_1767992486218{padding-right: 24px !important;padding-bottom: 24px !important;}\u00bb]El <strong>31 de julio de 2026 ser\u00e1 la fecha l\u00edmite<\/strong> para la declaraci\u00f3n y pago del impuesto sobre veh\u00edculos automotores del periodo gravable 2026. Lo anterior acorde a la Ordenanza N\u00b0 58 del 2025 y por medio de la cual se fija la fecha l\u00edmite de declaraci\u00f3n y pago del impuesto sobre veh\u00edculos automotores para la vigencia fiscal 2026 y se establecen descuentos por pronto pago.[\/vc_column_text][\/vc_column][vc_column width=\u00bb1\/2&#8243;]<div class=\"deeper-fancy-image reveal  rl \"   data-inviewport=\"yes\">\r\n\t\t\t\t\t\t\t<figure style=\"border-radius:10px;overflow:hidden;\"><img decoding=\"async\" alt=\"image\" src=\"https:\/\/vehiculosantioquia.com.co\/portalweb\/wp-content\/uploads\/2026\/01\/pago_sin_descuento.png\" \/> <\/figure>\r\n\t\t\t\t\t\t<\/div>[\/vc_column][\/vc_row][vc_row][vc_column][vc_empty_space height=\u00bb54px\u00bb][\/vc_column][\/vc_row][vc_row content_placement=\u00bbmiddle\u00bb canvas=\u00bb%5B%7B%22element%22%3A%22image%22%2C%22shape%22%3A%22shape-1%22%2C%22image_effect%22%3A%22style-1%22%2C%22smoothness%22%3A%2230%22%7D%5D\u00bb css=\u00bb.vc_custom_1765891754732{padding-right: 5% !important;padding-left: 5% !important;}\u00bb][vc_column css=\u00bb.vc_custom_1765492111954{border-top-width: 1px !important;border-right-width: 1px !important;border-bottom-width: 1px !important;border-left-width: 1px !important;background-color: #dadee0 !important;border-left-color: #dadee0 !important;border-left-style: solid !important;border-right-color: #dadee0 !important;border-right-style: solid !important;border-top-color: #dadee0 !important;border-top-style: solid !important;border-bottom-color: #dadee0 !important;border-bottom-style: solid !important;border-radius: 5px !important;}\u00bb][vc_column_text css=\u00bb.vc_custom_1767992524207{padding-top: 16px !important;padding-bottom: 16px !important;}\u00bb]<strong>PAR\u00c1GRAFO:<\/strong> Los contribuyentes que declaren y paguen el Impuesto <strong>a partir del 1 de agosto de 2026<\/strong>, incluida esta fecha, deben declarar y pagar sanci\u00f3n por extemporaneidad <strong>(sanci\u00f3n m\u00ednima de $262.000)<\/strong> e intereses de mora de conformidad con lo dispuesto en la norma que la adicione y\/o modifique.[\/vc_column_text][\/vc_column][\/vc_row][vc_row][vc_column][vc_empty_space height=\u00bb54px\u00bb][\/vc_column][\/vc_row]<\/p>\n<\/section>","protected":false},"excerpt":{"rendered":"<p>[vc_row canvas=\u00bb%5B%7B%22element%22%3A%22image%22%2C%22shape%22%3A%22shape-1%22%2C%22image_effect%22%3A%22style-1%22%2C%22smoothness%22%3A%2230%22%7D%5D\u00bb bg_type=\u00bbimage\u00bb parallax_style=\u00bbvcpb-default\u00bb bg_image_new=\u00bbid^5820|url^https:\/\/testdigital.vehiculosantioquia.com.co\/portalweb\/wp-content\/uploads\/2025\/11\/banner_calendario_de_pago.png|caption^null|alt^null|title^banner_calendario_de_pago|description^null\u00bb bg_override=\u00bbfull\u00bb css=\u00bb.vc_custom_1764082564016{padding-top: 90px !important;padding-bottom: 90px !important;}\u00bb][vc_column css=\u00bb.vc_custom_1765891716156{padding-right: 5% !important;padding-left: 5% !important;}\u00bb][vc_custom_heading text=\u00bbCalendario de pago\u00bb font_container=\u00bbtag:h2|font_size:44px|text_align:left|color:%230b5640|line_height:48px\u00bb use_theme_fonts=\u00bbyes\u00bb el_id=\u00bbtitle\u00bb][\/vc_column][\/vc_row][vc_row][vc_column][vc_empty_space height=\u00bb72px\u00bb][\/vc_column][\/vc_row][vc_row][vc_column offset=\u00bbvc_hidden-sm vc_hidden-xs\u00bb][vc_custom_heading text=\u00bbPaga tu impuesto vehicular a tiempo para evitar sanciones e intereses\u00bb font_container=\u00bbtag:h1|text_align:center\u00bb use_theme_fonts=\u00bbyes\u00bb][\/vc_column][\/vc_row][vc_row][vc_column][vc_empty_space height=\u00bb44px\u00bb][\/vc_column][\/vc_row][vc_row gap=\u00bb1&#8243; content_placement=\u00bbmiddle\u00bb canvas=\u00bb%5B%7B%22element%22%3A%22image%22%2C%22shape%22%3A%22shape-1%22%2C%22image_effect%22%3A%22style-1%22%2C%22smoothness%22%3A%2230%22%7D%5D\u00bb css=\u00bb.vc_custom_1765891726041{padding-right: 5% !important;padding-left: 5% !important;}\u00bb][vc_column width=\u00bb1\/2&#8243; css=\u00bb.vc_custom_1765489893875{margin-right: 0px<\/p>\n","protected":false},"author":1,"featured_media":0,"parent":0,"menu_order":0,"comment_status":"closed","ping_status":"closed","template":"","meta":{"footnotes":""},"class_list":["post-5757","page","type-page","status-publish","hentry"],"_links":{"self":[{"href":"https:\/\/vehiculosantioquia.com.co\/portalweb\/wp-json\/wp\/v2\/pages\/5757","targetHints":{"allow":["GET"]}}],"collection":[{"href":"https:\/\/vehiculosantioquia.com.co\/portalweb\/wp-json\/wp\/v2\/pages"}],"about":[{"href":"https:\/\/vehiculosantioquia.com.co\/portalweb\/wp-json\/wp\/v2\/types\/page"}],"author":[{"embeddable":true,"href":"https:\/\/vehiculosantioquia.com.co\/portalweb\/wp-json\/wp\/v2\/users\/1"}],"replies":[{"embeddable":true,"href":"https:\/\/vehiculosantioquia.com.co\/portalweb\/wp-json\/wp\/v2\/comments?post=5757"}],"version-history":[{"count":69,"href":"https:\/\/vehiculosantioquia.com.co\/portalweb\/wp-json\/wp\/v2\/pages\/5757\/revisions"}],"predecessor-version":[{"id":6132,"href":"https:\/\/vehiculosantioquia.com.co\/portalweb\/wp-json\/wp\/v2\/pages\/5757\/revisions\/6132"}],"wp:attachment":[{"href":"https:\/\/vehiculosantioquia.com.co\/portalweb\/wp-json\/wp\/v2\/media?parent=5757"}],"curies":[{"name":"wp","href":"https:\/\/api.w.org\/{rel}","templated":true}]}}