{"id":5876,"date":"2025-11-25T16:53:46","date_gmt":"2025-11-25T21:53:46","guid":{"rendered":"https:\/\/testdigital.vehiculosantioquia.com.co\/portalweb\/?page_id=5876"},"modified":"2025-12-19T15:14:41","modified_gmt":"2025-12-19T20:14:41","slug":"terminos-y-condiciones","status":"publish","type":"page","link":"https:\/\/vehiculosantioquia.com.co\/portalweb\/terminos-y-condiciones\/","title":{"rendered":"T\u00e9rminos y condiciones"},"content":{"rendered":"<section class=\"wpb-content-wrapper\"><p>[vc_row canvas=\u00bb%5B%7B%22element%22%3A%22image%22%2C%22shape%22%3A%22shape-1%22%2C%22image_effect%22%3A%22style-1%22%2C%22smoothness%22%3A%2230%22%7D%5D\u00bb css=\u00bb.vc_custom_1766175276391{padding-right: 5% !important;padding-left: 5% !important;}\u00bb][vc_column][vc_column_text]<\/p>\n<h1>T\u00e9rminos y condiciones<\/h1>\n<p>A trav\u00e9s del Portal Impuestos Antioquia el usuario podr\u00e1 consultar de forma gratuita informaci\u00f3n y realizar las transacciones establecidas por la Gobernaci\u00f3n de Antioquia para su uso tales como consultar el estado de cuenta del impuesto vehicular, declarar el impuesto vehicular y pagar en l\u00ednea, durante las 24 horas del d\u00eda, los 7 d\u00edas de la semana.<\/p>\n<p>El usuario reconoce y acepta que el uso de los contenidos y\/o servicios ofrecidos por medio del Portal Impuestos Antioquia ser\u00e1 bajo su exclusivo riesgo y\/o responsabilidad.<\/p>\n<p>El usuario se compromete a utilizar el Portal Impuestos Antioquia y todo su contenido y servicios, de conformidad con la ley y los presentes t\u00e9rminos y condiciones de uso.<\/p>\n<p>Las transacciones que el usuario realice, se har\u00e1n efectivas dentro de los t\u00e9rminos y plazos establecidos legalmente y\/o validados por la Gobernaci\u00f3n de Antioquia.<\/p>\n<p>Los registros que se almacenan en el Portal Impuestos Antioquia constituyen el soporte de las transacciones efectuadas. En caso de existir alguna inconsistencia podr\u00e1 ponerse en contacto con la Gobernaci\u00f3n de Antioquia y adjuntar los soportes correspondientes para la soluci\u00f3n de su inquietud.<\/p>\n<p>La Gobernaci\u00f3n de Antioquia, coloca a disposici\u00f3n del usuario las herramientas e infraestructura tecnol\u00f3gica necesaria para la prestaci\u00f3n del mejor servicio, no obstante, se pueden presentar ocasionalmente demoras, deficiente transmisi\u00f3n de datos e incluso la imposibilidad para realizar las operaciones solicitadas, debido a fallas en las redes p\u00fablicas o privadas que interfieren en el proceso, actividades de mantenimiento o suspensi\u00f3n del Portal Impuestos Antioquia. Adicionalmente, podr\u00e1n presentarse eventos de fuerza mayor o caso fortuito, causa extra\u00f1a o hecho de un tercero, que en alg\u00fan momento puedan ocasionar afectaci\u00f3n a la normalidad del servicio sin que esto demuestre negligencia por parte de la Gobernaci\u00f3n de Antioquia y\/o sus contratistas o subcontratistas. S\u00f3lo si se hace necesario, se suspender\u00e1 el servicio temporalmente por labores de mantenimiento o soluciones espec\u00edficas a inconvenientes que se lleguen a presentar.<\/p>\n<p>Para la prestaci\u00f3n del servicio, la Gobernaci\u00f3n de Antioquia podr\u00e1 utilizar su propia plataforma tecnol\u00f3gica o la de sus terceros contratistas y\/o subcontratistas designados previamente y que cumplan con adecuados est\u00e1ndares de seguridad. En tal caso, el tercero podr\u00e1 conocer datos personales de los usuarios a la hora de prestar el servicio a los mismos, con fines estrictamente informativos y transaccionales. De acuerdo con lo anterior, el usuario acepta y autoriza a la Gobernaci\u00f3n de Antioquia y\/o a sus contratistas y\/o subcontratistas, para que con el acceso e ingreso de sus datos al del Portal Impuestos Antioquia y para los fines estrictamente establecidos, puedan realizar las operaciones a que haya lugar para la satisfacci\u00f3n del servicio al usuario.<\/p>\n<p>El usuario podr\u00e1 acceder y usar el Portal Impuestos Antioquia si es mayor de edad de conformidad con las leyes aplicables.<\/p>\n<p>Los menores de edad no cuentan con las autorizaciones legales y capacidad requerida para acceder y hacer uso del Portal Impuestos Antioquia.<\/p>\n<p>Las condiciones aqu\u00ed establecidas podr\u00e1n ser cambiadas o modificadas por la Gobernaci\u00f3n de Antioquia cuando esta lo considere necesario, en cualquier momento y bajo su total discrecionalidad.[\/vc_column_text][\/vc_column][\/vc_row]<\/p>\n<\/section>","protected":false},"excerpt":{"rendered":"<p>[vc_row canvas=\u00bb%5B%7B%22element%22%3A%22image%22%2C%22shape%22%3A%22shape-1%22%2C%22image_effect%22%3A%22style-1%22%2C%22smoothness%22%3A%2230%22%7D%5D\u00bb css=\u00bb.vc_custom_1766175276391{padding-right: 5% !important;padding-left: 5% !important;}\u00bb][vc_column][vc_column_text] T\u00e9rminos y condiciones A trav\u00e9s del Portal Impuestos Antioquia el usuario podr\u00e1 consultar de forma gratuita informaci\u00f3n y realizar las transacciones establecidas por la Gobernaci\u00f3n de Antioquia para su uso tales como consultar el estado de cuenta del impuesto vehicular, declarar el impuesto<\/p>\n","protected":false},"author":1,"featured_media":0,"parent":0,"menu_order":0,"comment_status":"closed","ping_status":"closed","template":"","meta":{"footnotes":""},"class_list":["post-5876","page","type-page","status-publish","hentry"],"_links":{"self":[{"href":"https:\/\/vehiculosantioquia.com.co\/portalweb\/wp-json\/wp\/v2\/pages\/5876","targetHints":{"allow":["GET"]}}],"collection":[{"href":"https:\/\/vehiculosantioquia.com.co\/portalweb\/wp-json\/wp\/v2\/pages"}],"about":[{"href":"https:\/\/vehiculosantioquia.com.co\/portalweb\/wp-json\/wp\/v2\/types\/page"}],"author":[{"embeddable":true,"href":"https:\/\/vehiculosantioquia.com.co\/portalweb\/wp-json\/wp\/v2\/users\/1"}],"replies":[{"embeddable":true,"href":"https:\/\/vehiculosantioquia.com.co\/portalweb\/wp-json\/wp\/v2\/comments?post=5876"}],"version-history":[{"count":4,"href":"https:\/\/vehiculosantioquia.com.co\/portalweb\/wp-json\/wp\/v2\/pages\/5876\/revisions"}],"predecessor-version":[{"id":6105,"href":"https:\/\/vehiculosantioquia.com.co\/portalweb\/wp-json\/wp\/v2\/pages\/5876\/revisions\/6105"}],"wp:attachment":[{"href":"https:\/\/vehiculosantioquia.com.co\/portalweb\/wp-json\/wp\/v2\/media?parent=5876"}],"curies":[{"name":"wp","href":"https:\/\/api.w.org\/{rel}","templated":true}]}}